{"id":2505,"date":"2025-08-10T07:08:51","date_gmt":"2025-08-10T07:08:51","guid":{"rendered":"https:\/\/soderhamnseltjanst.se\/?page_id=2505"},"modified":"2025-08-10T07:39:53","modified_gmt":"2025-08-10T07:39:53","slug":"utbyte-av-elcentral","status":"publish","type":"page","link":"https:\/\/soderhamnseltjanst.se\/?page_id=2505","title":{"rendered":"utbyte av elcentral"},"content":{"rendered":"\t\t<div data-elementor-type=\"wp-page\" data-elementor-id=\"2505\" class=\"elementor elementor-2505\">\n\t\t\t\t\t\t<section class=\"elementor-section elementor-top-section elementor-element elementor-element-754244eb elementor-section-boxed elementor-section-height-default elementor-section-height-default\" data-id=\"754244eb\" data-element_type=\"section\">\n\t\t\t\t\t\t<div class=\"elementor-container elementor-column-gap-default\">\n\t\t\t\t\t<div class=\"elementor-column elementor-col-100 elementor-top-column elementor-element elementor-element-525c1f2b\" data-id=\"525c1f2b\" data-element_type=\"column\">\n\t\t\t<div class=\"elementor-widget-wrap elementor-element-populated\">\n\t\t\t\t\t\t<div class=\"elementor-element elementor-element-16dfa6c3 elementor-widget elementor-widget-heading\" data-id=\"16dfa6c3\" data-element_type=\"widget\" data-widget_type=\"heading.default\">\n\t\t\t\t<div class=\"elementor-widget-container\">\n\t\t\t\t\t<h2 class=\"elementor-heading-title elementor-size-default\">Utbyte av elcentral<\/h2>\t\t\t\t<\/div>\n\t\t\t\t<\/div>\n\t\t\t\t\t<\/div>\n\t\t<\/div>\n\t\t\t\t\t<\/div>\n\t\t<\/section>\n\t\t\t\t<section class=\"elementor-section elementor-top-section elementor-element elementor-element-7dc52485 elementor-section-boxed elementor-section-height-default elementor-section-height-default\" data-id=\"7dc52485\" data-element_type=\"section\">\n\t\t\t\t\t\t<div class=\"elementor-container elementor-column-gap-default\">\n\t\t\t\t\t<div class=\"elementor-column elementor-col-100 elementor-top-column elementor-element elementor-element-7c3c3445\" data-id=\"7c3c3445\" data-element_type=\"column\">\n\t\t\t<div class=\"elementor-widget-wrap elementor-element-populated\">\n\t\t\t\t\t\t<div class=\"elementor-element elementor-element-706e5a9e elementor-widget elementor-widget-image\" data-id=\"706e5a9e\" data-element_type=\"widget\" data-widget_type=\"image.default\">\n\t\t\t\t<div class=\"elementor-widget-container\">\n\t\t\t\t\t\t\t\t\t\t\t\t\t\t\t<img fetchpriority=\"high\" decoding=\"async\" width=\"1024\" height=\"536\" src=\"https:\/\/soderhamnseltjanst.se\/wp-content\/uploads\/2025\/08\/Kopia-av-Blue-And-White-Modern-Minimalist-Big-Sale-10.10-Facebook-Ad-5-1024x536.png\" class=\"attachment-large size-large wp-image-2509\" alt=\"\" srcset=\"https:\/\/soderhamnseltjanst.se\/wp-content\/uploads\/2025\/08\/Kopia-av-Blue-And-White-Modern-Minimalist-Big-Sale-10.10-Facebook-Ad-5-1024x536.png 1024w, https:\/\/soderhamnseltjanst.se\/wp-content\/uploads\/2025\/08\/Kopia-av-Blue-And-White-Modern-Minimalist-Big-Sale-10.10-Facebook-Ad-5-300x157.png 300w, https:\/\/soderhamnseltjanst.se\/wp-content\/uploads\/2025\/08\/Kopia-av-Blue-And-White-Modern-Minimalist-Big-Sale-10.10-Facebook-Ad-5-768x402.png 768w, https:\/\/soderhamnseltjanst.se\/wp-content\/uploads\/2025\/08\/Kopia-av-Blue-And-White-Modern-Minimalist-Big-Sale-10.10-Facebook-Ad-5.png 1200w\" sizes=\"(max-width: 1024px) 100vw, 1024px\" \/>\t\t\t\t\t\t\t\t\t\t\t\t\t\t\t<\/div>\n\t\t\t\t<\/div>\n\t\t\t\t\t<\/div>\n\t\t<\/div>\n\t\t\t\t\t<\/div>\n\t\t<\/section>\n\t\t\t\t<section class=\"elementor-section elementor-top-section elementor-element elementor-element-28eb5e26 elementor-section-boxed elementor-section-height-default elementor-section-height-default\" data-id=\"28eb5e26\" data-element_type=\"section\">\n\t\t\t\t\t\t<div class=\"elementor-container elementor-column-gap-default\">\n\t\t\t\t\t<div class=\"elementor-column elementor-col-100 elementor-top-column elementor-element elementor-element-1ed56443\" data-id=\"1ed56443\" data-element_type=\"column\">\n\t\t\t<div class=\"elementor-widget-wrap elementor-element-populated\">\n\t\t\t\t\t\t<div class=\"elementor-element elementor-element-21f1475d elementor-widget elementor-widget-spacer\" data-id=\"21f1475d\" data-element_type=\"widget\" data-widget_type=\"spacer.default\">\n\t\t\t\t<div class=\"elementor-widget-container\">\n\t\t\t\t\t\t\t<div class=\"elementor-spacer\">\n\t\t\t<div class=\"elementor-spacer-inner\"><\/div>\n\t\t<\/div>\n\t\t\t\t\t\t<\/div>\n\t\t\t\t<\/div>\n\t\t\t\t<div class=\"elementor-element elementor-element-588d4937 elementor-widget elementor-widget-heading\" data-id=\"588d4937\" data-element_type=\"widget\" data-widget_type=\"heading.default\">\n\t\t\t\t<div class=\"elementor-widget-container\">\n\t\t\t\t\t<h2 class=\"elementor-heading-title elementor-size-large\"><b>Utbyte av elcentral - Tryggt, snyggt och prisv\u00e4rt<\/b><\/h2>\t\t\t\t<\/div>\n\t\t\t\t<\/div>\n\t\t\t\t\t<\/div>\n\t\t<\/div>\n\t\t\t\t\t<\/div>\n\t\t<\/section>\n\t\t\t\t<section class=\"elementor-section elementor-top-section elementor-element elementor-element-5df284b0 elementor-section-boxed elementor-section-height-default elementor-section-height-default\" data-id=\"5df284b0\" data-element_type=\"section\">\n\t\t\t\t\t\t<div class=\"elementor-container elementor-column-gap-default\">\n\t\t\t\t\t<div class=\"elementor-column elementor-col-100 elementor-top-column elementor-element elementor-element-5521559d\" data-id=\"5521559d\" data-element_type=\"column\">\n\t\t\t<div class=\"elementor-widget-wrap elementor-element-populated\">\n\t\t\t\t\t\t<div class=\"elementor-element elementor-element-3719aeda elementor-widget elementor-widget-text-editor\" data-id=\"3719aeda\" data-element_type=\"widget\" data-widget_type=\"text-editor.default\">\n\t\t\t\t<div class=\"elementor-widget-container\">\n\t\t\t\t\t\t\t\t\t<p><span style=\"font-size: 15px; font-weight: bold; text-transform: capitalize;\">Fast pris: 9 899 kr<\/span><\/p><p style=\"font-size: 15px; font-style: normal;\" data-start=\"95\" data-end=\"425\">Dags att modernisera elen hemma? Med <span data-start=\"116\" data-end=\"139\">S\u00f6derhamns Eltj\u00e4nst<\/span> f\u00e5r du ett komplett och fackmannam\u00e4ssigt byte av elcentral \u2013 klart p\u00e5 nolltid. Vi installerar huvudbrytare och jordfelsbrytare, m\u00e4rker upp grupper och l\u00e4mnar allt testat och dokumenterat. Resultatet blir <strong style=\"font-weight: 400;\" data-start=\"343\" data-end=\"362\">\u00f6kad els\u00e4kerhet<\/strong>, b\u00e4ttre \u00f6verblick och en central som \u00e4r redo f\u00f6r dagens och morgondagens elbehov (v\u00e4rmepump, spabad, garage, laddning m.m.).<br data-start=\"487\" data-end=\"490\" \/>Som lokal, auktoriserad elfirma tar vi helhetsansvar: planering, byte och funktionskontroll \u2013 <strong style=\"font-weight: 400;\" data-start=\"584\" data-end=\"625\">en kontakt, en faktura, noll kr\u00e5ngel.<\/strong><\/p>\t\t\t\t\t\t\t\t<\/div>\n\t\t\t\t<\/div>\n\t\t\t\t\t<\/div>\n\t\t<\/div>\n\t\t\t\t\t<\/div>\n\t\t<\/section>\n\t\t\t\t<section class=\"elementor-section elementor-top-section elementor-element elementor-element-47a040a4 elementor-section-boxed elementor-section-height-default elementor-section-height-default\" data-id=\"47a040a4\" data-element_type=\"section\">\n\t\t\t\t\t\t<div class=\"elementor-container elementor-column-gap-default\">\n\t\t\t\t\t<div class=\"elementor-column elementor-col-100 elementor-top-column elementor-element elementor-element-1157ae16\" data-id=\"1157ae16\" data-element_type=\"column\">\n\t\t\t<div class=\"elementor-widget-wrap elementor-element-populated\">\n\t\t\t\t\t\t<div class=\"elementor-element elementor-element-3cad36c8 elementor-widget elementor-widget-heading\" data-id=\"3cad36c8\" data-element_type=\"widget\" data-widget_type=\"heading.default\">\n\t\t\t\t<div class=\"elementor-widget-container\">\n\t\t\t\t\t<h2 class=\"elementor-heading-title elementor-size-large\"><b>Varf\u00f6r byta med S\u00f6derhamns Eltj\u00e4nst?<\/b><\/h2>\t\t\t\t<\/div>\n\t\t\t\t<\/div>\n\t\t\t\t\t<\/div>\n\t\t<\/div>\n\t\t\t\t\t<\/div>\n\t\t<\/section>\n\t\t\t\t<section class=\"elementor-section elementor-top-section elementor-element elementor-element-7403648e elementor-section-boxed elementor-section-height-default elementor-section-height-default\" data-id=\"7403648e\" data-element_type=\"section\">\n\t\t\t\t\t\t<div class=\"elementor-container elementor-column-gap-default\">\n\t\t\t\t\t<div class=\"elementor-column elementor-col-100 elementor-top-column elementor-element elementor-element-776d3292\" data-id=\"776d3292\" data-element_type=\"column\">\n\t\t\t<div class=\"elementor-widget-wrap elementor-element-populated\">\n\t\t\t\t\t\t<div class=\"elementor-element elementor-element-4b775057 elementor-widget elementor-widget-text-editor\" data-id=\"4b775057\" data-element_type=\"widget\" data-widget_type=\"text-editor.default\">\n\t\t\t\t<div class=\"elementor-widget-container\">\n\t\t\t\t\t\t\t\t\t<ul style=\"font-size: 15px; font-style: normal; font-weight: 400;\" data-start=\"1145\" data-end=\"1308\"><li style=\"font-size: 15px;\" data-start=\"1145\" data-end=\"1176\"><p style=\"font-size: 15px;\" data-start=\"1147\" data-end=\"1176\"><strong data-start=\"669\" data-end=\"693\">Els\u00e4kert och korrekt<\/strong> \u2013 auktoriserade elektriker, egenkontroll och protokoll.<\/p><\/li><li style=\"font-size: 15px;\" data-start=\"1177\" data-end=\"1220\"><p style=\"font-size: 15px;\" data-start=\"1179\" data-end=\"1220\"><span style=\"font-size: 15px;\"><strong style=\"font-size: 15px;\" data-start=\"754\" data-end=\"772\">Modern komfort<\/strong><span style=\"font-size: 15px;\"> \u2013 jordfelsbrytare och tydlig gruppf\u00f6rteckning som g\u00f6r vardagen enklare.<\/span><\/span><\/p><\/li><li style=\"font-size: 15px;\" data-start=\"1272\" data-end=\"1308\"><p style=\"font-size: 15px;\" data-start=\"1274\" data-end=\"1308\"><strong data-start=\"849\" data-end=\"867\">Framtidss\u00e4krat<\/strong> \u2013 plats f\u00f6r fler grupper och h\u00f6gre belastning n\u00e4r hemmets behov v\u00e4xer.<\/p><\/li><li style=\"font-size: 15px;\" data-start=\"1272\" data-end=\"1308\"><p style=\"font-size: 15px;\" data-start=\"1274\" data-end=\"1308\"><strong data-start=\"943\" data-end=\"960\">Lokal service<\/strong> \u2013 snabb \u00e5terkoppling och hj\u00e4lp om du vill bygga ut senare.<\/p><\/li><\/ul>\t\t\t\t\t\t\t\t<\/div>\n\t\t\t\t<\/div>\n\t\t\t\t\t<\/div>\n\t\t<\/div>\n\t\t\t\t\t<\/div>\n\t\t<\/section>\n\t\t\t\t<section class=\"elementor-section elementor-top-section elementor-element elementor-element-3569010 elementor-section-boxed elementor-section-height-default elementor-section-height-default\" data-id=\"3569010\" data-element_type=\"section\">\n\t\t\t\t\t\t<div class=\"elementor-container elementor-column-gap-default\">\n\t\t\t\t\t<div class=\"elementor-column elementor-col-100 elementor-top-column elementor-element elementor-element-f71a569\" data-id=\"f71a569\" data-element_type=\"column\">\n\t\t\t<div class=\"elementor-widget-wrap elementor-element-populated\">\n\t\t\t\t\t\t<div class=\"elementor-element elementor-element-ecc2945 elementor-widget elementor-widget-heading\" data-id=\"ecc2945\" data-element_type=\"widget\" data-widget_type=\"heading.default\">\n\t\t\t\t<div class=\"elementor-widget-container\">\n\t\t\t\t\t<h2 class=\"elementor-heading-title elementor-size-large\"><b>Det h\u00e4r ing\u00e5r - Kort och gott<\/b><\/h2>\t\t\t\t<\/div>\n\t\t\t\t<\/div>\n\t\t\t\t\t<\/div>\n\t\t<\/div>\n\t\t\t\t\t<\/div>\n\t\t<\/section>\n\t\t\t\t<section class=\"elementor-section elementor-top-section elementor-element elementor-element-dfc3df8 elementor-section-boxed elementor-section-height-default elementor-section-height-default\" data-id=\"dfc3df8\" data-element_type=\"section\">\n\t\t\t\t\t\t<div class=\"elementor-container elementor-column-gap-default\">\n\t\t\t\t\t<div class=\"elementor-column elementor-col-100 elementor-top-column elementor-element elementor-element-b3791f0\" data-id=\"b3791f0\" data-element_type=\"column\">\n\t\t\t<div class=\"elementor-widget-wrap elementor-element-populated\">\n\t\t\t\t\t\t<div class=\"elementor-element elementor-element-90fc23f elementor-widget elementor-widget-text-editor\" data-id=\"90fc23f\" data-element_type=\"widget\" data-widget_type=\"text-editor.default\">\n\t\t\t\t<div class=\"elementor-widget-container\">\n\t\t\t\t\t\t\t\t\t<ul style=\"font-size: 15px; font-style: normal;\" data-start=\"1145\" data-end=\"1308\">\n<li style=\"font-size: 15px;\" data-start=\"1145\" data-end=\"1176\">\n<p style=\"font-size: 15px;\" data-start=\"1147\" data-end=\"1176\"><b>1 st huvudbrytare<\/b><\/p>\n<\/li>\n<li style=\"font-weight: 400; font-size: 15px;\" data-start=\"1177\" data-end=\"1220\">\n<p style=\"font-size: 15px;\" data-start=\"1179\" data-end=\"1220\"><strong data-start=\"849\" data-end=\"867\" style=\"font-size: 15px;\"><span style=\"font-size: 15px;\">1 st jordfelsbrytare<\/span><\/strong><\/p>\n<\/li>\n<li style=\"font-size: 15px;\" data-start=\"1272\" data-end=\"1308\">\n<p style=\"font-size: 15px;\" data-start=\"1274\" data-end=\"1308\"><b>Upp till 19 st s\u00e4kringar<\/b><\/p>\n<\/li>\n<li style=\"font-size: 15px;\" data-start=\"1272\" data-end=\"1308\">\n<p style=\"font-size: 15px;\" data-start=\"1274\" data-end=\"1308\"><b>Kapsling med d\u00f6rr<\/b><\/p>\n<\/li>\n<li style=\"font-weight: 400; font-size: 15px;\" data-start=\"1272\" data-end=\"1308\">\n<p style=\"font-size: 15px;\" data-start=\"1274\" data-end=\"1308\"><strong data-start=\"1369\" data-end=\"1389\">Gruppf\u00f6rteckning<\/strong> (tydligt uppm\u00e4rkt)<\/p>\n<\/li>\n<\/ul>\n<div>Pris avser standardbyte p\u00e5 befintlig plats med fungerande matning. Eventuella tillval\/extra grupper och anpassningar offereras. ROT-avdrag kan vanligtvis nyttjas p\u00e5 arbetskostnaden \u2013 vi hj\u00e4lper g\u00e4rna att r\u00e4kna.<\/div>\t\t\t\t\t\t\t\t<\/div>\n\t\t\t\t<\/div>\n\t\t\t\t\t<\/div>\n\t\t<\/div>\n\t\t\t\t\t<\/div>\n\t\t<\/section>\n\t\t\t\t<section class=\"elementor-section elementor-top-section elementor-element elementor-element-cf0edb elementor-section-boxed elementor-section-height-default elementor-section-height-default\" data-id=\"cf0edb\" data-element_type=\"section\">\n\t\t\t\t\t\t<div class=\"elementor-container elementor-column-gap-default\">\n\t\t\t\t\t<div class=\"elementor-column elementor-col-100 elementor-top-column elementor-element elementor-element-21a12118\" data-id=\"21a12118\" data-element_type=\"column\">\n\t\t\t<div class=\"elementor-widget-wrap elementor-element-populated\">\n\t\t\t\t\t\t<div class=\"elementor-element elementor-element-339d4620 elementor-widget elementor-widget-heading\" data-id=\"339d4620\" data-element_type=\"widget\" data-widget_type=\"heading.default\">\n\t\t\t\t<div class=\"elementor-widget-container\">\n\t\t\t\t\t<h2 class=\"elementor-heading-title elementor-size-large\"><b>S\u00e5 g\u00e5r det till<\/b><\/h2>\t\t\t\t<\/div>\n\t\t\t\t<\/div>\n\t\t\t\t\t<\/div>\n\t\t<\/div>\n\t\t\t\t\t<\/div>\n\t\t<\/section>\n\t\t\t\t<section class=\"elementor-section elementor-top-section elementor-element elementor-element-4cf47a30 elementor-section-boxed elementor-section-height-default elementor-section-height-default\" data-id=\"4cf47a30\" data-element_type=\"section\">\n\t\t\t\t\t\t<div class=\"elementor-container elementor-column-gap-default\">\n\t\t\t\t\t<div class=\"elementor-column elementor-col-100 elementor-top-column elementor-element elementor-element-2a0b7baa\" data-id=\"2a0b7baa\" data-element_type=\"column\">\n\t\t\t<div class=\"elementor-widget-wrap elementor-element-populated\">\n\t\t\t\t\t\t<div class=\"elementor-element elementor-element-26fedb99 elementor-widget elementor-widget-text-editor\" data-id=\"26fedb99\" data-element_type=\"widget\" data-widget_type=\"text-editor.default\">\n\t\t\t\t<div class=\"elementor-widget-container\">\n\t\t\t\t\t\t\t\t\t<div>\u00a0<\/div><ol data-start=\"1329\" data-end=\"1467\"><li data-start=\"1329\" data-end=\"1364\"><p data-start=\"1332\" data-end=\"1364\">Skicka in din f\u00f6rfr\u00e5gan nedan<\/p><\/li><li data-start=\"1365\" data-end=\"1412\"><p data-start=\"1368\" data-end=\"1412\">Vi g\u00f6r en snabb f\u00f6rkontroll och bokar tid.<\/p><\/li><li data-start=\"1413\" data-end=\"1467\"><p data-start=\"1416\" data-end=\"1467\">Installation, test och genomg\u00e5ng \u2013 klart p\u00e5 nolltid<\/p><\/li><\/ol>\t\t\t\t\t\t\t\t<\/div>\n\t\t\t\t<\/div>\n\t\t\t\t<div class=\"elementor-element elementor-element-2b4fd92e elementor-widget elementor-widget-wpforms\" data-id=\"2b4fd92e\" data-element_type=\"widget\" data-widget_type=\"wpforms.default\">\n\t\t\t\t<div class=\"elementor-widget-container\">\n\t\t\t\t\t<div class=\"wpforms-container \" id=\"wpforms-2520\"><form id=\"wpforms-form-2520\" class=\"wpforms-validate wpforms-form wpforms-ajax-form\" data-formid=\"2520\" method=\"post\" enctype=\"multipart\/form-data\" action=\"\/index.php?rest_route=%2Fwp%2Fv2%2Fpages%2F2505\" data-token=\"74bd4f97a07f1843ffbc61138df22103\" data-token-time=\"1777022113\"><noscript class=\"wpforms-error-noscript\">Please enable JavaScript in your browser to complete this form.<\/noscript><div class=\"wpforms-field-container\"><div id=\"wpforms-2520-field_1-container\" class=\"wpforms-field wpforms-field-text\" data-field-id=\"1\"><label class=\"wpforms-field-label\" for=\"wpforms-2520-field_1\">Namn<\/label><input type=\"text\" id=\"wpforms-2520-field_1\" class=\"wpforms-field-medium\" name=\"wpforms[fields][1]\" ><\/div><div id=\"wpforms-2520-field_2-container\" class=\"wpforms-field wpforms-field-text\" data-field-id=\"2\"><label class=\"wpforms-field-label\" for=\"wpforms-2520-field_2\">Adress<\/label><input type=\"text\" id=\"wpforms-2520-field_2\" class=\"wpforms-field-medium\" name=\"wpforms[fields][2]\" ><\/div><div id=\"wpforms-2520-field_3-container\" class=\"wpforms-field wpforms-field-text\" data-field-id=\"3\"><label class=\"wpforms-field-label\" for=\"wpforms-2520-field_3\">Telefonnummer<\/label><input type=\"text\" id=\"wpforms-2520-field_3\" class=\"wpforms-field-medium\" name=\"wpforms[fields][3]\" ><\/div><div id=\"wpforms-2520-field_7-container\" class=\"wpforms-field wpforms-field-email\" data-field-id=\"7\"><label class=\"wpforms-field-label\" for=\"wpforms-2520-field_7\">Email <span class=\"wpforms-required-label\">*<\/span><\/label><input type=\"email\" id=\"wpforms-2520-field_7\" class=\"wpforms-field-medium wpforms-field-required\" name=\"wpforms[fields][7]\" spellcheck=\"false\" required><\/div><div id=\"wpforms-2520-field_6-container\" class=\"wpforms-field wpforms-field-select wpforms-field-select-style-classic\" data-field-id=\"6\"><label class=\"wpforms-field-label\" for=\"wpforms-2520-field_6\">Produkter och alternativ<\/label><select id=\"wpforms-2520-field_6\" class=\"wpforms-field-medium\" name=\"wpforms[fields][6]\"><option value=\"Utbyte av elcentral | 9 899 kr\"  class=\"choice-1 depth-1\"  >Utbyte av elcentral | 9 899 kr<\/option><\/select><\/div><\/div><!-- .wpforms-field-container --><div class=\"wpforms-submit-container\" ><input type=\"hidden\" name=\"wpforms[id]\" value=\"2520\"><input type=\"hidden\" name=\"page_title\" value=\"\"><input type=\"hidden\" name=\"page_url\" value=\"https:\/\/soderhamnseltjanst.se\/index.php?rest_route=\/wp\/v2\/pages\/2505\"><input type=\"hidden\" name=\"url_referer\" value=\"\"><button type=\"submit\" name=\"wpforms[submit]\" id=\"wpforms-submit-2520\" class=\"wpforms-submit\" data-alt-text=\"Sending...\" data-submit-text=\"Submit\" aria-live=\"assertive\" value=\"wpforms-submit\">Submit<\/button><img decoding=\"async\" src=\"https:\/\/soderhamnseltjanst.se\/wp-content\/plugins\/wpforms-lite\/assets\/images\/submit-spin.svg\" class=\"wpforms-submit-spinner\" style=\"display: none;\" width=\"26\" height=\"26\" alt=\"Loading\"><\/div><\/form><\/div>  <!-- .wpforms-container -->\t\t\t\t<\/div>\n\t\t\t\t<\/div>\n\t\t\t\t\t<\/div>\n\t\t<\/div>\n\t\t\t\t\t<\/div>\n\t\t<\/section>\n\t\t\t\t<\/div>\n\t\t","protected":false},"excerpt":{"rendered":"<p>Utbyte av elcentral Utbyte av elcentral &#8211; Tryggt, snyggt och prisv\u00e4rt Fast pris: 9 899 kr Dags att modernisera elen hemma? Med S\u00f6derhamns Eltj\u00e4nst f\u00e5r du ett komplett och fackmannam\u00e4ssigt byte av elcentral \u2013 klart p\u00e5 nolltid. Vi installerar huvudbrytare och jordfelsbrytare, m\u00e4rker upp grupper och l\u00e4mnar allt testat och dokumenterat. Resultatet blir \u00f6kad els\u00e4kerhet, &hellip;<\/p>\n<p class=\"read-more\"> <a class=\"\" href=\"https:\/\/soderhamnseltjanst.se\/?page_id=2505\"> <span class=\"screen-reader-text\">utbyte av elcentral<\/span> Read More &raquo;<\/a><\/p>\n","protected":false},"author":1,"featured_media":0,"parent":0,"menu_order":0,"comment_status":"closed","ping_status":"closed","template":"","meta":{"_seopress_robots_primary_cat":"","_seopress_titles_title":"","_seopress_titles_desc":"","_seopress_robots_index":"","_uag_custom_page_level_css":"","site-sidebar-layout":"no-sidebar","site-content-layout":"page-builder","ast-global-header-display":"","ast-main-header-display":"","ast-hfb-above-header-display":"","ast-hfb-below-header-display":"","ast-hfb-mobile-header-display":"","site-post-title":"disabled","ast-breadcrumbs-content":"","ast-featured-img":"disabled","footer-sml-layout":"","theme-transparent-header-meta":"","adv-header-id-meta":"","stick-header-meta":"","header-above-stick-meta":"","header-main-stick-meta":"","header-below-stick-meta":"","footnotes":""},"class_list":["post-2505","page","type-page","status-publish","hentry"],"uagb_featured_image_src":{"full":false,"thumbnail":false,"medium":false,"medium_large":false,"large":false,"1536x1536":false,"2048x2048":false},"uagb_author_info":{"display_name":"jonix89","author_link":"https:\/\/soderhamnseltjanst.se\/?author=1"},"uagb_comment_info":0,"uagb_excerpt":"Utbyte av elcentral Utbyte av elcentral &#8211; Tryggt, snyggt och prisv\u00e4rt Fast pris: 9 899 kr Dags att modernisera elen hemma? Med S\u00f6derhamns Eltj\u00e4nst f\u00e5r du ett komplett och fackmannam\u00e4ssigt byte av elcentral \u2013 klart p\u00e5 nolltid. Vi installerar huvudbrytare och jordfelsbrytare, m\u00e4rker upp grupper och l\u00e4mnar allt testat och dokumenterat. Resultatet blir \u00f6kad els\u00e4kerhet,&hellip;","_links":{"self":[{"href":"https:\/\/soderhamnseltjanst.se\/index.php?rest_route=\/wp\/v2\/pages\/2505","targetHints":{"allow":["GET"]}}],"collection":[{"href":"https:\/\/soderhamnseltjanst.se\/index.php?rest_route=\/wp\/v2\/pages"}],"about":[{"href":"https:\/\/soderhamnseltjanst.se\/index.php?rest_route=\/wp\/v2\/types\/page"}],"author":[{"embeddable":true,"href":"https:\/\/soderhamnseltjanst.se\/index.php?rest_route=\/wp\/v2\/users\/1"}],"replies":[{"embeddable":true,"href":"https:\/\/soderhamnseltjanst.se\/index.php?rest_route=%2Fwp%2Fv2%2Fcomments&post=2505"}],"version-history":[{"count":13,"href":"https:\/\/soderhamnseltjanst.se\/index.php?rest_route=\/wp\/v2\/pages\/2505\/revisions"}],"predecessor-version":[{"id":2553,"href":"https:\/\/soderhamnseltjanst.se\/index.php?rest_route=\/wp\/v2\/pages\/2505\/revisions\/2553"}],"wp:attachment":[{"href":"https:\/\/soderhamnseltjanst.se\/index.php?rest_route=%2Fwp%2Fv2%2Fmedia&parent=2505"}],"curies":[{"name":"wp","href":"https:\/\/api.w.org\/{rel}","templated":true}]}}