{"id":2290,"date":"2023-02-24T10:44:42","date_gmt":"2023-02-24T10:44:42","guid":{"rendered":"https:\/\/soderhamnseltjanst.se\/?page_id=2290"},"modified":"2023-03-06T07:33:58","modified_gmt":"2023-03-06T07:33:58","slug":"elbilsladdare-i-soderhamn","status":"publish","type":"page","link":"https:\/\/soderhamnseltjanst.se\/?page_id=2290","title":{"rendered":"Installation av Teslaladdare"},"content":{"rendered":"\t\t<div data-elementor-type=\"wp-page\" data-elementor-id=\"2290\" class=\"elementor elementor-2290\">\n\t\t\t\t\t\t<section class=\"elementor-section elementor-top-section elementor-element elementor-element-44772eb elementor-section-boxed elementor-section-height-default elementor-section-height-default\" data-id=\"44772eb\" data-element_type=\"section\">\n\t\t\t\t\t\t<div class=\"elementor-container elementor-column-gap-default\">\n\t\t\t\t\t<div class=\"elementor-column elementor-col-100 elementor-top-column elementor-element elementor-element-fb1440c\" data-id=\"fb1440c\" data-element_type=\"column\">\n\t\t\t<div class=\"elementor-widget-wrap elementor-element-populated\">\n\t\t\t\t\t\t<div class=\"elementor-element elementor-element-c80202e elementor-widget elementor-widget-heading\" data-id=\"c80202e\" data-element_type=\"widget\" data-widget_type=\"heading.default\">\n\t\t\t\t<div class=\"elementor-widget-container\">\n\t\t\t\t\t<h2 class=\"elementor-heading-title elementor-size-default\">Vi installerar din Teslaladdare<\/h2>\t\t\t\t<\/div>\n\t\t\t\t<\/div>\n\t\t\t\t\t<\/div>\n\t\t<\/div>\n\t\t\t\t\t<\/div>\n\t\t<\/section>\n\t\t\t\t<section class=\"elementor-section elementor-top-section elementor-element elementor-element-28c6fc1 elementor-section-boxed elementor-section-height-default elementor-section-height-default\" data-id=\"28c6fc1\" data-element_type=\"section\">\n\t\t\t\t\t\t<div class=\"elementor-container elementor-column-gap-default\">\n\t\t\t\t\t<div class=\"elementor-column elementor-col-100 elementor-top-column elementor-element elementor-element-5bf8a0b\" data-id=\"5bf8a0b\" data-element_type=\"column\">\n\t\t\t<div class=\"elementor-widget-wrap elementor-element-populated\">\n\t\t\t\t\t\t<div class=\"elementor-element elementor-element-b0d38a4 elementor-widget elementor-widget-image\" data-id=\"b0d38a4\" data-element_type=\"widget\" data-widget_type=\"image.default\">\n\t\t\t\t<div class=\"elementor-widget-container\">\n\t\t\t\t\t\t\t\t\t\t\t\t\t\t\t<img fetchpriority=\"high\" decoding=\"async\" width=\"1024\" height=\"972\" src=\"https:\/\/soderhamnseltjanst.se\/wp-content\/uploads\/2023\/03\/Teslaladdare-1024x972.png\" class=\"attachment-large size-large wp-image-2303\" alt=\"\" srcset=\"https:\/\/soderhamnseltjanst.se\/wp-content\/uploads\/2023\/03\/Teslaladdare-1024x972.png 1024w, https:\/\/soderhamnseltjanst.se\/wp-content\/uploads\/2023\/03\/Teslaladdare-300x285.png 300w, https:\/\/soderhamnseltjanst.se\/wp-content\/uploads\/2023\/03\/Teslaladdare-768x729.png 768w, https:\/\/soderhamnseltjanst.se\/wp-content\/uploads\/2023\/03\/Teslaladdare.png 1201w\" sizes=\"(max-width: 1024px) 100vw, 1024px\" \/>\t\t\t\t\t\t\t\t\t\t\t\t\t\t\t<\/div>\n\t\t\t\t<\/div>\n\t\t\t\t\t<\/div>\n\t\t<\/div>\n\t\t\t\t\t<\/div>\n\t\t<\/section>\n\t\t\t\t<section class=\"elementor-section elementor-top-section elementor-element elementor-element-4d32630 elementor-section-boxed elementor-section-height-default elementor-section-height-default\" data-id=\"4d32630\" data-element_type=\"section\">\n\t\t\t\t\t\t<div class=\"elementor-container elementor-column-gap-default\">\n\t\t\t\t\t<div class=\"elementor-column elementor-col-100 elementor-top-column elementor-element elementor-element-82e106f\" data-id=\"82e106f\" data-element_type=\"column\">\n\t\t\t<div class=\"elementor-widget-wrap elementor-element-populated\">\n\t\t\t\t\t\t<div class=\"elementor-element elementor-element-15f821b elementor-widget elementor-widget-text-editor\" data-id=\"15f821b\" data-element_type=\"widget\" data-widget_type=\"text-editor.default\">\n\t\t\t\t<div class=\"elementor-widget-container\">\n\t\t\t\t\t\t\t\t\t<p>Har du precis f\u00e5tt hem din nya Tesla och \u00e4r i behov av installera en laddare? Eller ska du flytta, och beh\u00f6ver montera ner\/upp laddaren vid ditt nya hus? D\u00e5 har du hittat r\u00e4tt! Vi p\u00e5 S\u00f6derhamns Eltj\u00e4nst utf\u00f6r installationer av Tesla Wall Connector i S\u00f6derhamn med omnejd.<\/p>\n<p>Det finns m\u00e5nga olika fabrikat av elbilsladdare p\u00e5 marknaden, och vi installerar dom flesta. Men om du \u00e4r har en Tesla s\u00e5 rekommenderar vi starkt Teslas egen laddare som heter Tesla Wall Connector. Laddaren \u00e4r t\u00e5lig och v\u00e4derbest\u00e4ndig, den beh\u00f6ver d\u00e4rmed inte sitta under tak. Sj\u00e4lvklart har Telsa Wall Connector en mycket tilltalande design, med en vit yta t\u00e4ckt av glas. Tesla Wall Connector har en egen WiFi-Anslutning som uppdaterar mjukvaran i din bil medan den laddas. Efter att vi har installerat din laddare, s\u00e5 hj\u00e4lper vi sj\u00e4lvklart till med att konfigurera och skapa upp ett WiFi-N\u00e4tverk (n\u00e5got m\u00e5nga kunder kan tycka \u00e4r lite kr\u00e5ngligt). Detta \u00e4r en gratistj\u00e4nst som Tesla erbjuder f\u00f6r att din bil alltid ska ha senaste mjukvaran installerad.<\/p>\n<p>Tesla Wall Connector kan \u00e4ven anv\u00e4ndas f\u00f6r laddning av andra elfordon \u00e4n Tesla. S\u00e5 l\u00e4nge dessa har Type2-Laddkontakt.<\/p>\n<p>Telsa Wall Connector kvalificerar f\u00f6r skattereduktion f\u00f6r gr\u00f6n teknik i Sverige. Privatpersoner \u00e4r ber\u00e4ttigade till skattereduktionen, dock endast n\u00e4r k\u00f6p och installation sker via en elektriker. Avdraget kan vara h\u00f6gst 50 procent f\u00f6r installation av laddpunkt f\u00f6r elfordon. Du kan antingen v\u00e4lja att best\u00e4lla din Tesla Wall Connector sj\u00e4lv via Tesla. Alternativt best\u00e4ller du din Wall Connector genom oss och blir d\u00e4rmed ber\u00e4ttigad till full skattereduktion.<\/p>\n<p>Bor du i S\u00f6derhamn med omnejd och vill f\u00e5 din nya Teslaladdare installerad och fullt konfigurerad? Tveka d\u00e5 inte att h\u00f6ra av dig till oss. Eller fyll i formul\u00e4ret nedan, s\u00e5 \u00e5terkommer vi till dig inom 24 timmar. Notera att om du k\u00f6per din Teslaladdare via oss s\u00e5 kostar det 200 kr mer \u00e4n om du k\u00f6per den sj\u00e4lv. Detta \u00e4r f\u00f6r att t\u00e4cka v\u00e5ra kostnader f\u00f6r frakt och uth\u00e4mtning av paketet. Men du blir ber\u00e4ttigad till fullskattereduktion om du k\u00f6per b\u00e5de laddare och installation av oss. D\u00e4rmed blir totalpriset \u00e4nd\u00e5 billigare \u00e4n om du best\u00e4ller sj\u00e4lv.<\/p>\n<p style=\"scroll-behavior: smooth; outline-offset: 2px; max-inline-size: 75ch; font-size: 14px; line-height: var(--tds-line-height--30); margin-bottom: 0px; padding-block-start: 14px; --tds-spacer-top: var(--tds-spacer-4x); color: #393c41; font-family: 'Gotham SSm', -apple-system, BlinkMacSystemFont, 'Segoe UI', Roboto, 'Helvetica Neue', Arial, sans-serif; font-style: normal; font-weight: 400;\">Funktioner:<\/p>\n<ul style=\"scroll-behavior: smooth; outline-offset: 2px; margin-bottom: var(--tds-size--2x); margin-left: 0px; padding-block-start: 14px; --tds-spacer-top: var(--tds-spacer-4x); list-style-position: inside; color: #393c41; font-family: 'Gotham SSm', -apple-system, BlinkMacSystemFont, 'Segoe UI', Roboto, 'Helvetica Neue', Arial, sans-serif; font-size: 14px; font-style: normal; font-weight: 400;\">\n<li style=\"scroll-behavior: smooth; outline-offset: 2px; max-inline-size: 75ch; line-height: var(--tds-line-height--30);\">Kompatibla med alla elbilar med en Type2-laddkontakt<\/li>\n<li style=\"scroll-behavior: smooth; outline-offset: 2px; max-inline-size: 75ch; line-height: var(--tds-line-height--30);\">Wi-Fi-anslutning f\u00f6r tr\u00e5dl\u00f6sa firmwareuppdateringar<\/li>\n<li style=\"scroll-behavior: smooth; outline-offset: 2px; max-inline-size: 75ch; line-height: var(--tds-line-height--30);\">Upp till 71 km r\u00e4ckvidd per timme<\/li>\n<li style=\"scroll-behavior: smooth; outline-offset: 2px; max-inline-size: 75ch; line-height: var(--tds-line-height--30);\">Upp till 22 kW med trefas-anslutning<\/li>\n<li style=\"scroll-behavior: smooth; outline-offset: 2px; max-inline-size: 75ch; line-height: var(--tds-line-height--30);\">Str\u00f6mdelning f\u00f6r att ge st\u00f6d till flera Wall Connector<\/li>\n<li style=\"scroll-behavior: smooth; outline-offset: 2px; max-inline-size: 75ch; line-height: var(--tds-line-height--30);\">Enkel installation i enfas eller trefasn\u00e4t<\/li>\n<li style=\"scroll-behavior: smooth; outline-offset: 2px; max-inline-size: 75ch; line-height: var(--tds-line-height--30);\">\u00d6ppning av Teslas laddkontakt \u00f6ppnas fr\u00e5n anslutningskabeln<\/li>\n<li style=\"scroll-behavior: smooth; outline-offset: 2px; max-inline-size: 75ch; line-height: var(--tds-line-height--30);\">Alternativ f\u00f6r att st\u00e4lla in maximal str\u00f6m under installationen<\/li>\n<li style=\"scroll-behavior: smooth; outline-offset: 2px; max-inline-size: 75ch; line-height: var(--tds-line-height--30);\">Kabell\u00e4ngd 7,3 m<\/li>\n<\/ul>\n<div>&nbsp;<\/div>\n<p><b>Tesla Wall Connector kan best\u00e4llas sj\u00e4lv p\u00e5 denna l\u00e4nk<\/b>: <a href=\"https:\/\/shop.tesla.com\/sv_se\">Tesla Shop<\/a><\/p>\n<p><b>Om du vill best\u00e4lla din laddare\/installation\/konfigurering via oss, fyller du enkelt i formul\u00e4ret nedan s\u00e5 \u00e5terkommer vi med en skarp offert:<\/b><\/p>\t\t\t\t\t\t\t\t<\/div>\n\t\t\t\t<\/div>\n\t\t\t\t<div class=\"elementor-element elementor-element-cebd280 elementor-widget elementor-widget-wpforms\" data-id=\"cebd280\" data-element_type=\"widget\" data-widget_type=\"wpforms.default\">\n\t\t\t\t<div class=\"elementor-widget-container\">\n\t\t\t\t\t<div class=\"wpforms-container \" id=\"wpforms-2318\"><form id=\"wpforms-form-2318\" class=\"wpforms-validate wpforms-form wpforms-ajax-form\" data-formid=\"2318\" method=\"post\" enctype=\"multipart\/form-data\" action=\"\/index.php?rest_route=%2Fwp%2Fv2%2Fpages%2F2290\" data-token=\"eeb91b67f9ee3b8b98cbb56f65df6de2\" data-token-time=\"1777535223\"><noscript class=\"wpforms-error-noscript\">Please enable JavaScript in your browser to complete this form.<\/noscript><div class=\"wpforms-field-container\"><div id=\"wpforms-2318-field_1-container\" class=\"wpforms-field wpforms-field-text\" data-field-id=\"1\"><label class=\"wpforms-field-label\" for=\"wpforms-2318-field_1\">Namn<\/label><input type=\"text\" id=\"wpforms-2318-field_1\" class=\"wpforms-field-medium\" name=\"wpforms[fields][1]\" ><\/div><div id=\"wpforms-2318-field_2-container\" class=\"wpforms-field wpforms-field-text\" data-field-id=\"2\"><label class=\"wpforms-field-label\" for=\"wpforms-2318-field_2\">Adress<\/label><input type=\"text\" id=\"wpforms-2318-field_2\" class=\"wpforms-field-medium\" name=\"wpforms[fields][2]\" ><\/div><div id=\"wpforms-2318-field_3-container\" class=\"wpforms-field wpforms-field-text\" data-field-id=\"3\"><label class=\"wpforms-field-label\" for=\"wpforms-2318-field_3\">Telefonnummer<\/label><input type=\"text\" id=\"wpforms-2318-field_3\" class=\"wpforms-field-medium\" name=\"wpforms[fields][3]\" ><\/div><div id=\"wpforms-2318-field_7-container\" class=\"wpforms-field wpforms-field-email\" data-field-id=\"7\"><label class=\"wpforms-field-label\" for=\"wpforms-2318-field_7\">Email <span class=\"wpforms-required-label\">*<\/span><\/label><input type=\"email\" id=\"wpforms-2318-field_7\" class=\"wpforms-field-medium wpforms-field-required\" name=\"wpforms[fields][7]\" spellcheck=\"false\" required><\/div><div id=\"wpforms-2318-field_5-container\" class=\"wpforms-field wpforms-field-select wpforms-field-select-style-classic\" data-field-id=\"5\"><label class=\"wpforms-field-label\" for=\"wpforms-2318-field_5\">Bilmodell<\/label><select id=\"wpforms-2318-field_5\" class=\"wpforms-field-medium\" name=\"wpforms[fields][5]\"><option value=\"Tesla Model S\"  class=\"choice-1 depth-1\"  >Tesla Model S<\/option><option value=\"Tesla Model X\"  class=\"choice-2 depth-1\"  >Tesla Model X<\/option><option value=\"Tesla Model 3\"  class=\"choice-3 depth-1\"  >Tesla Model 3<\/option><option value=\"Tesla Model Y\"  class=\"choice-4 depth-1\"  >Tesla Model Y<\/option><\/select><\/div><div id=\"wpforms-2318-field_6-container\" class=\"wpforms-field wpforms-field-select wpforms-field-select-style-classic\" data-field-id=\"6\"><label class=\"wpforms-field-label\" for=\"wpforms-2318-field_6\">Produkter och alternativ<\/label><select id=\"wpforms-2318-field_6\" class=\"wpforms-field-medium\" name=\"wpforms[fields][6]\"><option value=\"Tesla Wall Connector | 6 000 kr\"  class=\"choice-1 depth-1\"  >Tesla Wall Connector | 6 000 kr<\/option><option value=\"Jag vill endast ha installation\"  class=\"choice-4 depth-1\"  >Jag vill endast ha installation<\/option><\/select><\/div><\/div><!-- .wpforms-field-container --><div class=\"wpforms-submit-container\" ><input type=\"hidden\" name=\"wpforms[id]\" value=\"2318\"><input type=\"hidden\" name=\"page_title\" value=\"\"><input type=\"hidden\" name=\"page_url\" value=\"https:\/\/soderhamnseltjanst.se\/index.php?rest_route=\/wp\/v2\/pages\/2290\"><input type=\"hidden\" name=\"url_referer\" value=\"\"><button type=\"submit\" name=\"wpforms[submit]\" id=\"wpforms-submit-2318\" class=\"wpforms-submit\" data-alt-text=\"Sending...\" data-submit-text=\"Submit\" aria-live=\"assertive\" value=\"wpforms-submit\">Submit<\/button><img decoding=\"async\" src=\"https:\/\/soderhamnseltjanst.se\/wp-content\/plugins\/wpforms-lite\/assets\/images\/submit-spin.svg\" class=\"wpforms-submit-spinner\" style=\"display: none;\" width=\"26\" height=\"26\" alt=\"Loading\"><\/div><\/form><\/div>  <!-- .wpforms-container -->\t\t\t\t<\/div>\n\t\t\t\t<\/div>\n\t\t\t\t\t<\/div>\n\t\t<\/div>\n\t\t\t\t\t<\/div>\n\t\t<\/section>\n\t\t\t\t<\/div>\n\t\t","protected":false},"excerpt":{"rendered":"<p>Vi installerar din Teslaladdare Har du precis f\u00e5tt hem din nya Tesla och \u00e4r i behov av installera en laddare? Eller ska du flytta, och beh\u00f6ver montera ner\/upp laddaren vid ditt nya hus? D\u00e5 har du hittat r\u00e4tt! Vi p\u00e5 S\u00f6derhamns Eltj\u00e4nst utf\u00f6r installationer av Tesla Wall Connector i S\u00f6derhamn med omnejd. Det finns m\u00e5nga &hellip;<\/p>\n<p class=\"read-more\"> <a class=\"\" href=\"https:\/\/soderhamnseltjanst.se\/?page_id=2290\"> <span class=\"screen-reader-text\">Installation av Teslaladdare<\/span> Read More &raquo;<\/a><\/p>\n","protected":false},"author":1,"featured_media":0,"parent":0,"menu_order":0,"comment_status":"closed","ping_status":"closed","template":"","meta":{"_seopress_robots_primary_cat":"","_seopress_titles_title":"Teslaladdare | S\u00f6derhamns Eltj\u00e4nst | Tesla Wall Connector","_seopress_titles_desc":"L\u00e5t oss installera din Teslaladdare | Bra priser och snabba offerter | S\u00f6derhamns Eltj\u00e4nst | Tesla Wall Connector","_seopress_robots_index":"","_uag_custom_page_level_css":"","site-sidebar-layout":"no-sidebar","site-content-layout":"page-builder","ast-global-header-display":"","ast-main-header-display":"","ast-hfb-above-header-display":"","ast-hfb-below-header-display":"","ast-hfb-mobile-header-display":"","site-post-title":"disabled","ast-breadcrumbs-content":"","ast-featured-img":"disabled","footer-sml-layout":"","theme-transparent-header-meta":"","adv-header-id-meta":"","stick-header-meta":"","header-above-stick-meta":"","header-main-stick-meta":"","header-below-stick-meta":"","footnotes":""},"class_list":["post-2290","page","type-page","status-publish","hentry"],"uagb_featured_image_src":{"full":false,"thumbnail":false,"medium":false,"medium_large":false,"large":false,"1536x1536":false,"2048x2048":false},"uagb_author_info":{"display_name":"jonix89","author_link":"https:\/\/soderhamnseltjanst.se\/?author=1"},"uagb_comment_info":0,"uagb_excerpt":"Vi installerar din Teslaladdare Har du precis f\u00e5tt hem din nya Tesla och \u00e4r i behov av installera en laddare? Eller ska du flytta, och beh\u00f6ver montera ner\/upp laddaren vid ditt nya hus? D\u00e5 har du hittat r\u00e4tt! Vi p\u00e5 S\u00f6derhamns Eltj\u00e4nst utf\u00f6r installationer av Tesla Wall Connector i S\u00f6derhamn med omnejd. Det finns m\u00e5nga&hellip;","_links":{"self":[{"href":"https:\/\/soderhamnseltjanst.se\/index.php?rest_route=\/wp\/v2\/pages\/2290","targetHints":{"allow":["GET"]}}],"collection":[{"href":"https:\/\/soderhamnseltjanst.se\/index.php?rest_route=\/wp\/v2\/pages"}],"about":[{"href":"https:\/\/soderhamnseltjanst.se\/index.php?rest_route=\/wp\/v2\/types\/page"}],"author":[{"embeddable":true,"href":"https:\/\/soderhamnseltjanst.se\/index.php?rest_route=\/wp\/v2\/users\/1"}],"replies":[{"embeddable":true,"href":"https:\/\/soderhamnseltjanst.se\/index.php?rest_route=%2Fwp%2Fv2%2Fcomments&post=2290"}],"version-history":[{"count":25,"href":"https:\/\/soderhamnseltjanst.se\/index.php?rest_route=\/wp\/v2\/pages\/2290\/revisions"}],"predecessor-version":[{"id":2367,"href":"https:\/\/soderhamnseltjanst.se\/index.php?rest_route=\/wp\/v2\/pages\/2290\/revisions\/2367"}],"wp:attachment":[{"href":"https:\/\/soderhamnseltjanst.se\/index.php?rest_route=%2Fwp%2Fv2%2Fmedia&parent=2290"}],"curies":[{"name":"wp","href":"https:\/\/api.w.org\/{rel}","templated":true}]}}