{"id":2271,"date":"2023-02-03T10:04:32","date_gmt":"2023-02-03T10:04:32","guid":{"rendered":"https:\/\/soderhamnseltjanst.se\/?page_id=2271"},"modified":"2023-03-02T10:55:14","modified_gmt":"2023-03-02T10:55:14","slug":"elektriker-i-soderhamn","status":"publish","type":"page","link":"https:\/\/soderhamnseltjanst.se\/?page_id=2271","title":{"rendered":"Elektriker I s\u00f6derhamn"},"content":{"rendered":"\t\t<div data-elementor-type=\"wp-page\" data-elementor-id=\"2271\" class=\"elementor elementor-2271\">\n\t\t\t\t\t\t<section class=\"elementor-section elementor-top-section elementor-element elementor-element-1cef345 elementor-section-boxed elementor-section-height-default elementor-section-height-default\" data-id=\"1cef345\" data-element_type=\"section\">\n\t\t\t\t\t\t<div class=\"elementor-container elementor-column-gap-default\">\n\t\t\t\t\t<div class=\"elementor-column elementor-col-100 elementor-top-column elementor-element elementor-element-b7280c6\" data-id=\"b7280c6\" data-element_type=\"column\">\n\t\t\t<div class=\"elementor-widget-wrap elementor-element-populated\">\n\t\t\t\t\t\t<div class=\"elementor-element elementor-element-6e372a0 elementor-widget elementor-widget-heading\" data-id=\"6e372a0\" data-element_type=\"widget\" data-widget_type=\"heading.default\">\n\t\t\t\t<div class=\"elementor-widget-container\">\n\t\t\t\t\t<h1 class=\"elementor-heading-title elementor-size-default\">Elektriker S\u00f6derhamn<\/h1>\t\t\t\t<\/div>\n\t\t\t\t<\/div>\n\t\t\t\t<div class=\"elementor-element elementor-element-f868361 elementor-widget elementor-widget-image\" data-id=\"f868361\" data-element_type=\"widget\" data-widget_type=\"image.default\">\n\t\t\t\t<div class=\"elementor-widget-container\">\n\t\t\t\t\t\t\t\t\t\t\t\t\t\t\t<img fetchpriority=\"high\" decoding=\"async\" width=\"706\" height=\"1024\" src=\"https:\/\/soderhamnseltjanst.se\/wp-content\/uploads\/2020\/02\/johan3_lowres-1-706x1024.jpg\" class=\"attachment-large size-large wp-image-2153\" alt=\"\" srcset=\"https:\/\/soderhamnseltjanst.se\/wp-content\/uploads\/2020\/02\/johan3_lowres-1-706x1024.jpg 706w, https:\/\/soderhamnseltjanst.se\/wp-content\/uploads\/2020\/02\/johan3_lowres-1-207x300.jpg 207w, https:\/\/soderhamnseltjanst.se\/wp-content\/uploads\/2020\/02\/johan3_lowres-1-768x1114.jpg 768w, https:\/\/soderhamnseltjanst.se\/wp-content\/uploads\/2020\/02\/johan3_lowres-1.jpg 1000w\" sizes=\"(max-width: 706px) 100vw, 706px\" \/>\t\t\t\t\t\t\t\t\t\t\t\t\t\t\t<\/div>\n\t\t\t\t<\/div>\n\t\t\t\t<div class=\"elementor-element elementor-element-c022213 elementor-widget elementor-widget-spacer\" data-id=\"c022213\" data-element_type=\"widget\" data-widget_type=\"spacer.default\">\n\t\t\t\t<div class=\"elementor-widget-container\">\n\t\t\t\t\t\t\t<div class=\"elementor-spacer\">\n\t\t\t<div class=\"elementor-spacer-inner\"><\/div>\n\t\t<\/div>\n\t\t\t\t\t\t<\/div>\n\t\t\t\t<\/div>\n\t\t\t\t<div class=\"elementor-element elementor-element-ac2ac80 elementor-widget elementor-widget-text-editor\" data-id=\"ac2ac80\" data-element_type=\"widget\" data-widget_type=\"text-editor.default\">\n\t\t\t\t<div class=\"elementor-widget-container\">\n\t\t\t\t\t\t\t\t\t<p><b>Letar du efter en elektriker i S\u00f6derhamn?<\/b><\/p>\n<p>S\u00f6derhamns Eltj\u00e4nst utf\u00f6r alla typer av elinstallationer, service och reparationer f\u00f6r privatpersoner och f\u00f6retag i S\u00f6derhamns kommun med omnejd. Vi \u00e4r auktoriserade elektriker, s\u00e5 att du kan k\u00e4nna dig s\u00e4ker p\u00e5 att din f\u00f6rs\u00e4kring alltid g\u00e4ller om olyckan skulle vara framme. Oavsett vad du beh\u00f6ver hj\u00e4lp med som ber\u00f6r elinstallationer, s\u00e5 kan vi p\u00e5 S\u00f6derhamns Eltj\u00e4nst hj\u00e4lpa dig.<\/p>\n<p>Som kund kan det vara sv\u00e5rt att s\u00e4tta sig in detaljerna n\u00e4r det g\u00e4ller elarbeten i hemmet eller p\u00e5 ditt f\u00f6retag. V\u00e5r ambition \u00e4r d\u00e4rf\u00f6r att jobba n\u00e4ra v\u00e5ra kunder och leverera tydlighet och kommunikation hela v\u00e4gen fr\u00e5n offert och best\u00e4llning till f\u00e4rdigt jobb och fakturering, s\u00e5 att du som kund kan k\u00e4nna dig trygg i alla praktiska fr\u00e5gor. Vi vet att det kan vara m\u00e5nga funderingar n\u00e4r du beh\u00f6ver ha ett elarbete utf\u00f6rt. Du kanske beh\u00f6ver tydliga besked exakt vilka datum och tider vi kan komma f\u00f6r att utf\u00f6ra arbete? Eller kanske du vill ha full kostnadskontroll, och beh\u00f6ver veta vad slutpriset kommer att bli? Oavsett vad, s\u00e5 beh\u00f6ver du inte oroa dig! Kommunikation och en n\u00e4ra dialog med v\u00e5ra kunder \u00e4r v\u00e5r paradgren.<\/p>\n<p>Vill du komma i kontakt med oss f\u00f6r att f\u00e5 ett elarbete i S\u00f6derhamn utf\u00f6rt? Tveka d\u00e5 inte att klicka p\u00e5 knappen nedan f\u00f6r att n\u00e5 din elektriker i S\u00f6derhamn!<\/p>\n<p><\/p>\t\t\t\t\t\t\t\t<\/div>\n\t\t\t\t<\/div>\n\t\t\t\t<div class=\"elementor-element elementor-element-5013b82 elementor-widget elementor-widget-button\" data-id=\"5013b82\" data-element_type=\"widget\" data-widget_type=\"button.default\">\n\t\t\t\t<div class=\"elementor-widget-container\">\n\t\t\t\t\t\t\t\t\t<div class=\"elementor-button-wrapper\">\n\t\t\t\t\t<a class=\"elementor-button elementor-button-link elementor-size-sm\" href=\"https:\/\/soderhamnseltjanst.se\/?page_id=11\">\n\t\t\t\t\t\t<span class=\"elementor-button-content-wrapper\">\n\t\t\t\t\t\t\t\t\t<span class=\"elementor-button-text\">Klicka h\u00e4r f\u00f6r att kontakta oss<\/span>\n\t\t\t\t\t<\/span>\n\t\t\t\t\t<\/a>\n\t\t\t\t<\/div>\n\t\t\t\t\t\t\t\t<\/div>\n\t\t\t\t<\/div>\n\t\t\t\t\t<\/div>\n\t\t<\/div>\n\t\t\t\t\t<\/div>\n\t\t<\/section>\n\t\t\t\t<\/div>\n\t\t","protected":false},"excerpt":{"rendered":"<p>Elektriker S\u00f6derhamn Letar du efter en elektriker i S\u00f6derhamn? S\u00f6derhamns Eltj\u00e4nst utf\u00f6r alla typer av elinstallationer, service och reparationer f\u00f6r privatpersoner och f\u00f6retag i S\u00f6derhamns kommun med omnejd. Vi \u00e4r auktoriserade elektriker, s\u00e5 att du kan k\u00e4nna dig s\u00e4ker p\u00e5 att din f\u00f6rs\u00e4kring alltid g\u00e4ller om olyckan skulle vara framme. Oavsett vad du beh\u00f6ver hj\u00e4lp &hellip;<\/p>\n<p class=\"read-more\"> <a class=\"\" href=\"https:\/\/soderhamnseltjanst.se\/?page_id=2271\"> <span class=\"screen-reader-text\">Elektriker I s\u00f6derhamn<\/span> Read More &raquo;<\/a><\/p>\n","protected":false},"author":1,"featured_media":0,"parent":0,"menu_order":0,"comment_status":"closed","ping_status":"closed","template":"","meta":{"_seopress_robots_primary_cat":"","_seopress_titles_title":"Elektriker S\u00f6derhamn | S\u00f6derhamns Eltj\u00e4nst","_seopress_titles_desc":"V\u00e4lkommen till S\u00f6derhamns Eltj\u00e4nst | Din elektriker i S\u00f6derhamn | Mer \u00e4n 10 \u00e5r i branschen | Snabba offerter","_seopress_robots_index":"","_uag_custom_page_level_css":"","site-sidebar-layout":"no-sidebar","site-content-layout":"page-builder","ast-global-header-display":"","ast-main-header-display":"","ast-hfb-above-header-display":"","ast-hfb-below-header-display":"","ast-hfb-mobile-header-display":"","site-post-title":"disabled","ast-breadcrumbs-content":"","ast-featured-img":"disabled","footer-sml-layout":"","theme-transparent-header-meta":"","adv-header-id-meta":"","stick-header-meta":"","header-above-stick-meta":"","header-main-stick-meta":"","header-below-stick-meta":"","footnotes":""},"class_list":["post-2271","page","type-page","status-publish","hentry"],"uagb_featured_image_src":{"full":false,"thumbnail":false,"medium":false,"medium_large":false,"large":false,"1536x1536":false,"2048x2048":false},"uagb_author_info":{"display_name":"jonix89","author_link":"https:\/\/soderhamnseltjanst.se\/?author=1"},"uagb_comment_info":0,"uagb_excerpt":"Elektriker S\u00f6derhamn Letar du efter en elektriker i S\u00f6derhamn? S\u00f6derhamns Eltj\u00e4nst utf\u00f6r alla typer av elinstallationer, service och reparationer f\u00f6r privatpersoner och f\u00f6retag i S\u00f6derhamns kommun med omnejd. Vi \u00e4r auktoriserade elektriker, s\u00e5 att du kan k\u00e4nna dig s\u00e4ker p\u00e5 att din f\u00f6rs\u00e4kring alltid g\u00e4ller om olyckan skulle vara framme. Oavsett vad du beh\u00f6ver hj\u00e4lp&hellip;","_links":{"self":[{"href":"https:\/\/soderhamnseltjanst.se\/index.php?rest_route=\/wp\/v2\/pages\/2271","targetHints":{"allow":["GET"]}}],"collection":[{"href":"https:\/\/soderhamnseltjanst.se\/index.php?rest_route=\/wp\/v2\/pages"}],"about":[{"href":"https:\/\/soderhamnseltjanst.se\/index.php?rest_route=\/wp\/v2\/types\/page"}],"author":[{"embeddable":true,"href":"https:\/\/soderhamnseltjanst.se\/index.php?rest_route=\/wp\/v2\/users\/1"}],"replies":[{"embeddable":true,"href":"https:\/\/soderhamnseltjanst.se\/index.php?rest_route=%2Fwp%2Fv2%2Fcomments&post=2271"}],"version-history":[{"count":16,"href":"https:\/\/soderhamnseltjanst.se\/index.php?rest_route=\/wp\/v2\/pages\/2271\/revisions"}],"predecessor-version":[{"id":2348,"href":"https:\/\/soderhamnseltjanst.se\/index.php?rest_route=\/wp\/v2\/pages\/2271\/revisions\/2348"}],"wp:attachment":[{"href":"https:\/\/soderhamnseltjanst.se\/index.php?rest_route=%2Fwp%2Fv2%2Fmedia&parent=2271"}],"curies":[{"name":"wp","href":"https:\/\/api.w.org\/{rel}","templated":true}]}}