{"id":2258,"date":"2023-02-03T09:38:46","date_gmt":"2023-02-03T09:38:46","guid":{"rendered":"https:\/\/soderhamnseltjanst.se\/?page_id=2258"},"modified":"2023-03-02T09:14:06","modified_gmt":"2023-03-02T09:14:06","slug":"om-oss","status":"publish","type":"page","link":"https:\/\/soderhamnseltjanst.se\/?page_id=2258","title":{"rendered":"Om oss\/Tj\u00e4nster"},"content":{"rendered":"\t\t<div data-elementor-type=\"wp-page\" data-elementor-id=\"2258\" class=\"elementor elementor-2258\">\n\t\t\t\t\t\t<section class=\"elementor-section elementor-top-section elementor-element elementor-element-5127aea elementor-section-boxed elementor-section-height-default elementor-section-height-default\" data-id=\"5127aea\" data-element_type=\"section\">\n\t\t\t\t\t\t<div class=\"elementor-container elementor-column-gap-default\">\n\t\t\t\t\t<div class=\"elementor-column elementor-col-100 elementor-top-column elementor-element elementor-element-b706c22\" data-id=\"b706c22\" data-element_type=\"column\">\n\t\t\t<div class=\"elementor-widget-wrap elementor-element-populated\">\n\t\t\t\t\t\t<div class=\"elementor-element elementor-element-9c8efd8 elementor-widget elementor-widget-heading\" data-id=\"9c8efd8\" data-element_type=\"widget\" data-widget_type=\"heading.default\">\n\t\t\t\t<div class=\"elementor-widget-container\">\n\t\t\t\t\t<h2 class=\"elementor-heading-title elementor-size-default\">S\u00f6derhamns Eltj\u00e4nst<\/h2>\t\t\t\t<\/div>\n\t\t\t\t<\/div>\n\t\t\t\t<div class=\"elementor-element elementor-element-db0c8ec elementor-widget elementor-widget-heading\" data-id=\"db0c8ec\" data-element_type=\"widget\" data-widget_type=\"heading.default\">\n\t\t\t\t<div class=\"elementor-widget-container\">\n\t\t\t\t\t<h2 class=\"elementor-heading-title elementor-size-default\">Din elektriker i S\u00f6derhamn<\/h2>\t\t\t\t<\/div>\n\t\t\t\t<\/div>\n\t\t\t\t<div class=\"elementor-element elementor-element-07affee elementor-widget elementor-widget-text-editor\" data-id=\"07affee\" data-element_type=\"widget\" data-widget_type=\"text-editor.default\">\n\t\t\t\t<div class=\"elementor-widget-container\">\n\t\t\t\t\t\t\t\t\t<p>S\u00f6derhamns Eltj\u00e4nst erbjuder elinstallationer och tekniska l\u00f6sningar f\u00f6r privatpersoner och f\u00f6retag. V\u00e5r ambition \u00e4r att du som kund ska k\u00e4nna dig trygg fr\u00e5n offert och best\u00e4llning, hela v\u00e4gen till f\u00e4rdig installation. V\u00e5rt m\u00e5l \u00e4r allts\u00e5 bygga trygga relationer till v\u00e5ra kunder och alltid leverera h\u00f6gsta kundservice och kommunikation. Oavsett om du bara vill installera ett lamputtag, eller l\u00e5ta oss sk\u00f6ta hela elinstallationen i din nya villa s\u00e5 kommer vi att leverera hundraprocentig serviceniv\u00e5.<\/p>\t\t\t\t\t\t\t\t<\/div>\n\t\t\t\t<\/div>\n\t\t\t\t<div class=\"elementor-element elementor-element-56dfb8b elementor-widget elementor-widget-text-editor\" data-id=\"56dfb8b\" data-element_type=\"widget\" data-widget_type=\"text-editor.default\">\n\t\t\t\t<div class=\"elementor-widget-container\">\n\t\t\t\t\t\t\t\t\t<p><b>Johan Sandberg, VD S\u00f6derhamns Eltj\u00e4nst<\/b><\/p>\t\t\t\t\t\t\t\t<\/div>\n\t\t\t\t<\/div>\n\t\t\t\t<div class=\"elementor-element elementor-element-5a0f7f3 elementor-widget elementor-widget-image\" data-id=\"5a0f7f3\" data-element_type=\"widget\" data-widget_type=\"image.default\">\n\t\t\t\t<div class=\"elementor-widget-container\">\n\t\t\t\t\t\t\t\t\t\t\t\t\t\t\t<img fetchpriority=\"high\" decoding=\"async\" width=\"706\" height=\"1024\" src=\"https:\/\/soderhamnseltjanst.se\/wp-content\/uploads\/2020\/02\/johan3_lowres-1-706x1024.jpg\" class=\"attachment-large size-large wp-image-2153\" alt=\"\" srcset=\"https:\/\/soderhamnseltjanst.se\/wp-content\/uploads\/2020\/02\/johan3_lowres-1-706x1024.jpg 706w, https:\/\/soderhamnseltjanst.se\/wp-content\/uploads\/2020\/02\/johan3_lowres-1-207x300.jpg 207w, https:\/\/soderhamnseltjanst.se\/wp-content\/uploads\/2020\/02\/johan3_lowres-1-768x1114.jpg 768w, https:\/\/soderhamnseltjanst.se\/wp-content\/uploads\/2020\/02\/johan3_lowres-1.jpg 1000w\" sizes=\"(max-width: 706px) 100vw, 706px\" \/>\t\t\t\t\t\t\t\t\t\t\t\t\t\t\t<\/div>\n\t\t\t\t<\/div>\n\t\t\t\t\t<\/div>\n\t\t<\/div>\n\t\t\t\t\t<\/div>\n\t\t<\/section>\n\t\t\t\t<\/div>\n\t\t","protected":false},"excerpt":{"rendered":"<p>S\u00f6derhamns Eltj\u00e4nst Din elektriker i S\u00f6derhamn S\u00f6derhamns Eltj\u00e4nst erbjuder elinstallationer och tekniska l\u00f6sningar f\u00f6r privatpersoner och f\u00f6retag. V\u00e5r ambition \u00e4r att du som kund ska k\u00e4nna dig trygg fr\u00e5n offert och best\u00e4llning, hela v\u00e4gen till f\u00e4rdig installation. V\u00e5rt m\u00e5l \u00e4r allts\u00e5 bygga trygga relationer till v\u00e5ra kunder och alltid leverera h\u00f6gsta kundservice och kommunikation. Oavsett &hellip;<\/p>\n<p class=\"read-more\"> <a class=\"\" href=\"https:\/\/soderhamnseltjanst.se\/?page_id=2258\"> <span class=\"screen-reader-text\">Om oss\/Tj\u00e4nster<\/span> Read More &raquo;<\/a><\/p>\n","protected":false},"author":1,"featured_media":0,"parent":0,"menu_order":0,"comment_status":"closed","ping_status":"closed","template":"","meta":{"_seopress_robots_primary_cat":"","_seopress_titles_title":"S\u00f6derhamns Eltj\u00e4nst | Din elektriker i S\u00f6derhamn","_seopress_titles_desc":"V\u00e4lkommen till din lokala elektriker i S\u00f6derhamn | Vi utf\u00f6r alla typer av elinstallationer f\u00f6r privatpersoner och f\u00f6retag | Trygga relationer | Smidig kontakt","_seopress_robots_index":"","_uag_custom_page_level_css":"","site-sidebar-layout":"no-sidebar","site-content-layout":"page-builder","ast-global-header-display":"","ast-main-header-display":"","ast-hfb-above-header-display":"","ast-hfb-below-header-display":"","ast-hfb-mobile-header-display":"","site-post-title":"disabled","ast-breadcrumbs-content":"","ast-featured-img":"disabled","footer-sml-layout":"","theme-transparent-header-meta":"","adv-header-id-meta":"","stick-header-meta":"","header-above-stick-meta":"","header-main-stick-meta":"","header-below-stick-meta":"","footnotes":""},"class_list":["post-2258","page","type-page","status-publish","hentry"],"uagb_featured_image_src":{"full":false,"thumbnail":false,"medium":false,"medium_large":false,"large":false,"1536x1536":false,"2048x2048":false},"uagb_author_info":{"display_name":"jonix89","author_link":"https:\/\/soderhamnseltjanst.se\/?author=1"},"uagb_comment_info":0,"uagb_excerpt":"S\u00f6derhamns Eltj\u00e4nst Din elektriker i S\u00f6derhamn S\u00f6derhamns Eltj\u00e4nst erbjuder elinstallationer och tekniska l\u00f6sningar f\u00f6r privatpersoner och f\u00f6retag. V\u00e5r ambition \u00e4r att du som kund ska k\u00e4nna dig trygg fr\u00e5n offert och best\u00e4llning, hela v\u00e4gen till f\u00e4rdig installation. V\u00e5rt m\u00e5l \u00e4r allts\u00e5 bygga trygga relationer till v\u00e5ra kunder och alltid leverera h\u00f6gsta kundservice och kommunikation. Oavsett&hellip;","_links":{"self":[{"href":"https:\/\/soderhamnseltjanst.se\/index.php?rest_route=\/wp\/v2\/pages\/2258","targetHints":{"allow":["GET"]}}],"collection":[{"href":"https:\/\/soderhamnseltjanst.se\/index.php?rest_route=\/wp\/v2\/pages"}],"about":[{"href":"https:\/\/soderhamnseltjanst.se\/index.php?rest_route=\/wp\/v2\/types\/page"}],"author":[{"embeddable":true,"href":"https:\/\/soderhamnseltjanst.se\/index.php?rest_route=\/wp\/v2\/users\/1"}],"replies":[{"embeddable":true,"href":"https:\/\/soderhamnseltjanst.se\/index.php?rest_route=%2Fwp%2Fv2%2Fcomments&post=2258"}],"version-history":[{"count":14,"href":"https:\/\/soderhamnseltjanst.se\/index.php?rest_route=\/wp\/v2\/pages\/2258\/revisions"}],"predecessor-version":[{"id":2317,"href":"https:\/\/soderhamnseltjanst.se\/index.php?rest_route=\/wp\/v2\/pages\/2258\/revisions\/2317"}],"wp:attachment":[{"href":"https:\/\/soderhamnseltjanst.se\/index.php?rest_route=%2Fwp%2Fv2%2Fmedia&parent=2258"}],"curies":[{"name":"wp","href":"https:\/\/api.w.org\/{rel}","templated":true}]}}